{"id":331,"date":"2026-02-26T11:45:10","date_gmt":"2026-02-26T11:45:10","guid":{"rendered":"https:\/\/www.gadis.es\/compartimoslasrecetas\/?page_id=331"},"modified":"2026-04-16T07:07:50","modified_gmt":"2026-04-16T07:07:50","slug":"sube-tu-receta","status":"publish","type":"page","link":"https:\/\/www.gadis.es\/compartimoslasrecetas\/sube-tu-receta\/","title":{"rendered":"Sube tu receta"},"content":{"rendered":"\t\t<div data-elementor-type=\"wp-page\" data-elementor-id=\"331\" class=\"elementor elementor-331\">\n\t\t\t\t<div class=\"elementor-element elementor-element-b5ac3d5 e-flex e-con-boxed e-con e-parent\" data-id=\"b5ac3d5\" data-element_type=\"container\" data-e-type=\"container\">\n\t\t\t\t\t<div class=\"e-con-inner\">\n\t\t<div class=\"elementor-element elementor-element-c4e0366 e-con-full e-flex e-con e-child\" data-id=\"c4e0366\" data-element_type=\"container\" data-e-type=\"container\">\n\t\t\t\t<div class=\"elementor-element elementor-element-afb0b84 elementor-widget-mobile__width-inherit elementor-widget elementor-widget-image\" data-id=\"afb0b84\" data-element_type=\"widget\" data-e-type=\"widget\" data-widget_type=\"image.default\">\n\t\t\t\t\t\t\t\t\t\t\t\t\t\t\t\t<a href=\"https:\/\/www.gadis.es\/compartimoslasrecetas\/\">\n\t\t\t\t\t\t\t<img decoding=\"async\" src=\"https:\/\/www.gadis.es\/compartimoslasrecetas\/wp-content\/uploads\/2026\/02\/LOGO-5.svg\" class=\"attachment-full size-full wp-image-299\" alt=\"\">\t\t\t\t\t\t\t\t<\/a>\n\t\t\t\t\t\t\t\t\t\t\t\t\t\t\t<\/div>\n\t\t\t\t<div class=\"elementor-element elementor-element-655fa5b elementor-hidden-desktop elementor-hidden-tablet elementor-widget elementor-widget-image\" data-id=\"655fa5b\" data-element_type=\"widget\" data-e-type=\"widget\" data-widget_type=\"image.default\">\n\t\t\t\t\t\t\t\t\t\t\t\t\t\t\t<img decoding=\"async\" src=\"https:\/\/www.gadis.es\/compartimoslasrecetas\/wp-content\/uploads\/2026\/02\/divider-4.svg\" class=\"attachment-full size-full wp-image-383\" alt=\"\">\t\t\t\t\t\t\t\t\t\t\t\t\t\t\t<\/div>\n\t\t\t\t<div class=\"elementor-element elementor-element-90ce0fc elementor-widget-mobile__width-inherit elementor-widget elementor-widget-heading\" data-id=\"90ce0fc\" data-element_type=\"widget\" data-e-type=\"widget\" data-widget_type=\"heading.default\">\n\t\t\t\t\t<h1 class=\"elementor-heading-title elementor-size-default\">Sube tu receta<\/h1>\t\t\t\t<\/div>\n\t\t\t\t<\/div>\n\t\t\t\t<div class=\"elementor-element elementor-element-cc9e3fe elementor-widget elementor-widget-image\" data-id=\"cc9e3fe\" data-element_type=\"widget\" data-e-type=\"widget\" data-widget_type=\"image.default\">\n\t\t\t\t\t\t\t\t\t\t\t\t\t\t\t<img decoding=\"async\" src=\"https:\/\/www.gadis.es\/compartimoslasrecetas\/wp-content\/uploads\/2026\/02\/divider-4.svg\" class=\"attachment-full size-full wp-image-383\" alt=\"\">\t\t\t\t\t\t\t\t\t\t\t\t\t\t\t<\/div>\n\t\t\t\t\t<\/div>\n\t\t\t\t<\/div>\n\t\t<div class=\"elementor-element elementor-element-c6db192 e-flex e-con-boxed e-con e-parent\" data-id=\"c6db192\" data-element_type=\"container\" data-e-type=\"container\">\n\t\t\t\t\t<div class=\"e-con-inner\">\n\t\t\t\t<div class=\"elementor-element elementor-element-c98b27e elementor-widget elementor-widget-shortcode\" data-id=\"c98b27e\" data-element_type=\"widget\" data-e-type=\"widget\" data-widget_type=\"shortcode.default\">\n\t\t\t\t\t\t\t<div class=\"elementor-shortcode\"><form class=\"wprm-recipe-submission\" method=\"post\" action=\"\" enctype=\"multipart\/form-data\" onsubmit=\"return window.WPRecipeMaker.submission.onSubmit(this);\">\n\t<input type=\"hidden\" id=\"wprmprs\" name=\"wprmprs\" value=\"30623c4ea3\" \/><input type=\"hidden\" name=\"_wp_http_referer\" value=\"\/compartimoslasrecetas\/wp-json\/wp\/v2\/pages\/331\" \/><input type=\"hidden\" id=\"wprmprs\" name=\"wprmprs\" value=\"30623c4ea3\" \/><input type=\"hidden\" name=\"_wp_http_referer\" value=\"\/compartimoslasrecetas\/wp-json\/wp\/v2\/pages\/331\" \/>\t<div class=\"titulo-seccion\"><h2>Datos personales y contacto<\/h2><p>Los campos obligatorios est\u00e1n marcados con un asterisco ( * )<\/p><\/div><div class=\"contenido-seccion\"><div class=\"wprmprs-layout-block-input wprmprs-layout-block-user_name\">\n\t\t<label class=\"wprmprs-form-label\">Autor\/a<span class=\"wprmprs-layout-block-required\">*<\/span><\/label>\n\t\t\t\t\t<input type=\"text\" name=\"user_name\" value=\"\" class=\"wprmprs-form-input\" placeholder=\"Nombre y apellidos\" required \/>\n\t<\/div><div class=\"wprmprs-layout-block-input wprmprs-layout-block-recipe_custom_field\">\n\t\t<label class=\"wprmprs-form-label\">Localidad<span class=\"wprmprs-layout-block-required\">*<\/span><\/label>\n\t\t\t\t\t<input type=\"text\" name=\"recipe_custom_field_localidad\" value=\"\" class=\"wprmprs-form-input\" placeholder=\"Escribe tu localidad\" required \/>\n\t<\/div><div class=\"wprmprs-layout-block-input wprmprs-layout-block-recipe_custom_field\">\n\t\t<label class=\"wprmprs-form-label\">Email<span class=\"wprmprs-layout-block-required\">*<\/span><\/label>\n\t\t\t\t\t<input type=\"email\" name=\"recipe_custom_field_email\" value=\"\" class=\"wprmprs-form-input\" placeholder=\"ejemplo@gmail.com\" required \/>\n\t<\/div><div class=\"wprmprs-layout-block-input wprmprs-layout-block-recipe_custom_field\">\n\t\t<label class=\"wprmprs-form-label\">Tel\u00e9fono<span class=\"wprmprs-layout-block-required\">*<\/span><\/label>\n\t\t\t\t\t<input type=\"text\" name=\"recipe_custom_field_telefono\" value=\"\" class=\"wprmprs-form-input\" placeholder=\"Escribe tu n\u00famero de tel\u00e9fono\" required \/>\n\t<\/div><div class=\"texto-cuenta\"><p>- Utiliza el mismo email y tel\u00e9fono que en tu cuenta de GADIS+ para recibir tu regalo directo en la app,\u00a0si eres uno de los 300 primeros en subir tu receta<\/p><\/div><\/div><div class=\"titulo-seccion info-receta-form\"><h2>Informaci\u00f3n de la receta<\/h2><\/div><div class=\"contenido-seccion\"><div class=\"wprmprs-layout-block-input wprmprs-layout-block-recipe_name\">\n\t\t<label class=\"wprmprs-form-label\">Nombre de la receta<span class=\"wprmprs-layout-block-required\">*<\/span><\/label>\n\t\t\t\t\t<input type=\"text\" name=\"recipe_name\" value=\"\" class=\"wprmprs-form-input\" placeholder=\"T\u00edtulo de la receta\" required \/>\n\t<\/div><div class=\"wprmprs-layout-block-dropdown wprmprs-layout-block-recipe_custom_taxonomy\">\n\t\t<label class=\"wprmprs-form-label\">Tipo de plato<span class=\"wprmprs-layout-block-required\">*<\/span><\/label>\n\t\t\t<select name=\"recipe_custom_taxonomy_id_course\" value=\"\" class=\"wprmprs-form-input\" required>\n\t\t\t\t<option value=\"\">Selecciona el tipo de plato<\/div>\n\t\t\t\t\t\t<option value=\"139\">Caldos e sopas<\/option>\n\t\t\t\t<option value=\"55\">Caldos y sopas<\/option>\n\t\t\t\t<option value=\"148\">Carnes<\/option>\n\t\t\t\t<option value=\"58\">Carnes<\/option>\n\t\t\t\t<option value=\"136\">Entrantes e aperitivos<\/option>\n\t\t\t\t<option value=\"54\">Entrantes y aperitivos<\/option>\n\t\t\t\t<option value=\"142\">Pastas e arroces<\/option>\n\t\t\t\t<option value=\"56\">Pastas y arroces<\/option>\n\t\t\t\t<option value=\"145\">Peixes e mariscos<\/option>\n\t\t\t\t<option value=\"57\">Pescados y mariscos<\/option>\n\t\t\t\t<option value=\"59\">Postres y dulces<\/option>\n\t\t\t\t<option value=\"151\">Sobremesas e doces<\/option>\n\t\t\t\t<option value=\"60\">Vegetariano y vegano<\/option>\n\t\t\t\t<option value=\"154\">Vexetariano e vegano<\/option>\n\t\t\t<\/select>\n<\/div><div class=\"wprmprs-layout-block-input wprmprs-layout-block-recipe_prep_time\">\n\t\t<label class=\"wprmprs-form-label\">Tiempo de elaboraci\u00f3n<span class=\"wprmprs-layout-block-required\">*<\/span><\/label>\n\t\t\t\t\t<input type=\"text\" name=\"recipe_prep_time\" value=\"\" class=\"wprmprs-form-input\" placeholder=\"Tiempo en minutos\" required \/>\n\t<\/div><div class=\"wprmprs-layout-block-input wprmprs-layout-block-recipe_cook_time\">\n\t\t<label class=\"wprmprs-form-label\">Tiempo de cocci\u00f3n<\/label>\n\t\t\t\t\t<input type=\"text\" name=\"recipe_cook_time\" value=\"\" class=\"wprmprs-form-input\" placeholder=\"Tiempo en minutos\"  \/>\n\t<\/div><div class=\"wprmprs-layout-block-input wprmprs-layout-block-recipe_servings\">\n\t\t<label class=\"wprmprs-form-label\">N\u00ba de comensales<span class=\"wprmprs-layout-block-required\">*<\/span><\/label>\n\t\t\t\t\t<input type=\"text\" name=\"recipe_servings\" value=\"\" class=\"wprmprs-form-input\" placeholder=\"\" required \/>\n\t<\/div><\/div><div class=\"titulo-seccion ingredientes-form\"><h2>Listado de ingredientes<\/h2><p>Recuerda No mencionar marcas de productos.<\/p><\/div><div class=\"wprmprs-layout-block-textarea wprmprs-layout-block-recipe_ingredients\">\n\t\t<label class=\"wprmprs-form-label\">Ingredientes<span class=\"wprmprs-layout-block-required\">*<\/span><\/label>\n\t\t\t<div class=\"wprmprs-form-help\">Un ingrediente por l\u00ednea<\/div>\n\t\t\t\t<textarea class=\"wprmprs-form-input\" name=\"recipe_ingredients\" placeholder=\"20 gramos de mantequilla...\" required><\/textarea>\n\t<\/div><div class=\"titulo-seccion mas-info-form\"><h2>Cu\u00e9ntanos un poco m\u00e1s<\/h2><\/div><div class=\"contenido-seccion receta-form\"><div class=\"wprmprs-layout-block-textarea wprmprs-layout-block-recipe_instructions\">\n\t\t<label class=\"wprmprs-form-label\">Pasos a seguir<span class=\"wprmprs-layout-block-required\">*<\/span><\/label>\n\t\t\t<div class=\"wprmprs-form-help\">Un paso por l\u00ednea<\/div>\n\t\t\t\t<textarea class=\"wprmprs-form-input\" name=\"recipe_instructions\" placeholder=\"Escribe aqu\u00ed los pasos a seguir\" required><\/textarea>\n\t<\/div><div class=\"wprmprs-layout-block-textarea wprmprs-layout-block-recipe_summary\">\n\t\t<label class=\"wprmprs-form-label\">\u00bfQu\u00e9 significa para ti?<span class=\"wprmprs-layout-block-required\">*<\/span><\/label>\n\t\t\t<div class=\"wprmprs-form-help\">Min 150 caracteres<\/div>\n\t\t\t\t<textarea class=\"wprmprs-form-input\" name=\"recipe_summary\" placeholder=\"Es especial para m\u00ed y no quiero que se pierda, porque\u2026\" required><\/textarea>\n\t<\/div><div class=\"fotos-subir\"><div class=\"arriba\"><img decoding=\"async\" src=\"https:\/\/www.gadis.es\/compartimoslasrecetas\/wp-content\/uploads\/2026\/02\/Group-4.svg\" alt=\"\"><p>Arrastra y suelta tu foto aqu\u00ed<\/p><p>Formatos permitidos: jpg, png.<\/p><\/div><div class=\"wprmprs-layout-block-recipe_image\">\n\t\t<label class=\"wprmprs-form-label\">Foto del plato preparado<span class=\"wprmprs-layout-block-required\">*<\/span><\/label>\n\t\t\t\t\t<input type=\"file\" name=\"recipe_image\" accept=\"image\/*\" data-placeholder=\"Arrastra y suelta tu foto aqu\u00ed\" data-max-size=\"5242880\" required\/>\n\t<\/div><p>La foto debe ser vertical. Peso m\u00e1ximo 5MB.<\/p><\/div><\/div><div class=\"comunicaciones\"><\/div><div class=\"checks-recetas\"><div class=\"wprmprs-layout-block-agree\">\n    <label>\n        <input type=\"checkbox\" id=\"wprmprs_agree_to_terms\" name=\"wprmprs_agree_to_terms\" class=\"wprmprs-form-agree\" required \/> <span><span class=\"checkBases\">He le\u00eddo y acepto bases legales y tratamiento de datos personales<\/span> <a class=\"enlaceBases\" href=\"https:\/\/www.gadis.es\/compartimoslasrecetas\/bases-legales\/\">(leer)<\/a><span>*<\/span> <span class=\"checkmark\"><\/span><\/span>\n    <\/label>\n<\/div><div class=\"wprmprs-layout-block-dropdown wprmprs-layout-block-recipe_custom_taxonomy\">\n\t\t<label class=\"wprmprs-form-label\">Comunicaciones comerciales<\/label>\n\t\t\t<select name=\"recipe_custom_taxonomy_id_comunicaciones\" value=\"\" class=\"wprmprs-form-input\" >\n\t\t\t\t<option value=\"\"> <\/div>\n\t\t\t\t\t\t<option value=\"75\">No<\/option>\n\t\t\t\t<option value=\"74\">Si<\/option>\n\t\t\t<\/select>\n<\/div><\/div><div class=\"contenedor-submit\"><script src='https:\/\/www.google.com\/recaptcha\/api.js'><\/script>\n<script>\n    const form = document.querySelector( '.wprm-recipe-submission' );\n\n    form.addEventListener( 'submit', (e) => {\n        if ( ! grecaptcha.getResponse() ) {\n            event.preventDefault();\n            grecaptcha.execute();\n        }\n    });\n\n    function wprmpsOnCaptchaCompleted(token) {\n        form.submit();\n    }\n<\/script>\n<div class=\"wprmprs-layout-block-submit\">\n    <div class=\"g-recaptcha\" data-callback=\"wprmpsOnCaptchaCompleted\" data-size=\"invisible\" data-sitekey=\"6Le25LYsAAAAALQXa7vViRwpAXx8XVTOHMCxWrXR\"><\/div>\n    <input type=\"submit\" id=\"wprmprs_submit\" name=\"wprmprs_submit\" class=\"button\" value=\"Compartir receta\" \/>\n<\/div><svg xmlns=\"http:\/\/www.w3.org\/2000\/svg\" width=\"355\" height=\"58\" viewBox=\"0 0 355 58\" fill=\"none\"><path d=\"M181.447 1.80965C128.551 -2.65109 9.4141 11.7224 1.31281 35.0174C-6.78848 58.3124 144.753 57.3211 190.502 56.8254C236.25 56.3298 351.098 50.8778 353.957 35.0174C356.816 19.157 215.759 4.28784 156.19 8.25294\" stroke=\"#DE1713\" stroke-width=\"2\" stroke-linecap=\"round\"><\/path><\/svg>\n\n<div><p>Protecci\u00f3n de Datos:<br \/>\n<br \/>\nResponsable del tratamiento: Gadisa Retail SLU con domicilio en Pg. de Piadela s\/n 15300 de Betanzos (A Coru\u00f1a)<br \/>\n<br \/>\n\u00bfQu\u00e9 datos personales recopilados con ocasi\u00f3n de la participaci\u00f3n en el concurso? Nombre, apellidos, correo electr\u00f3nico, tel\u00e9fono, poblaci\u00f3n.<br \/>\n<br \/>\n\u00bfPara qu\u00e9 usamos los datos? -Para la gesti\u00f3n del concurso y entrega de premios, as\u00ed como para la publicaci\u00f3n de resultados y difusi\u00f3n de la acci\u00f3n promocional. -Para enviar informaci\u00f3n comercial, si as\u00ed lo ha aceptado expresamente. -Con fines estad\u00edsticos.<br \/>\n<br \/>\n\u00bfCu\u00e1nto tiempo procesamos y conservamos sus datos? Los datos ser\u00e1n tratados durante el tiempo de desarrollo del presente concurso, siendo conservados a efectos estad\u00edsticos por un plazo m\u00e1ximo de 3 a\u00f1os.<br \/>\n<br \/>\nSi ha autorizado el env\u00edo de informaci\u00f3n comercial, trataremos sus datos mientras no ejerza su derecho de cancelaci\u00f3n.<br \/>\n<br \/>\n\u00bfCon qui\u00e9n compartimos sus datos? Su participaci\u00f3n podr\u00e1 ser compartida con otros usuarios a trav\u00e9s de redes sociales, web o cualquier otro medio que la organizaci\u00f3n estime oportuna para promocionar el concurso. Igualmente, los datos de los ganadores se comunican a las empresas del grupo Gadisa Retail con el fin de gestionar la identificaci\u00f3n y entrega del premio en el supermercado Gadis elegido.<br \/>\n<br \/>\nUsted podr\u00e1 ejercer en cualquier momento sus derechos de acceso, rectificaci\u00f3n, supresi\u00f3n, limitaci\u00f3n del tratamiento, oposici\u00f3n y portabilidad dirigi\u00e9ndose por escrito a <a href=\"mailto:lopd@gadisa.es\">lopd@gadisa.es<\/a> , indicando en REF. \u201cCompartimos las recetas\u201d. En caso de que el responsable del tratamiento tenga alguna duda razonable en relaci\u00f3n con la identidad de la persona que solicita el ejercicio de cualquiera de los derechos mencionados, se le podr\u00e1 solicitar el DNI\/Documento identificativo para verificar su identidad y asegurar y proteger sus derechos.<br \/>\n<br \/>\nAsimismo , le informamos de su derecho a presentar una reclamaci\u00f3n ante la Agencia Espa\u00f1ola de Protecci\u00f3n de Datos (www.aepd.es) si considera que no se ha atendido adecuadamente el ejercicio de sus derechos.<\/p><\/form>\n<\/div>\n\t\t\t\t\t\t<\/div>\n\t\t\t\t\t<\/div>\n\t\t\t\t<\/div>\n\t\t<div class=\"elementor-element elementor-element-3160736 e-flex e-con-boxed e-con e-parent\" data-id=\"3160736\" data-element_type=\"container\" data-e-type=\"container\">\n\t\t\t\t\t<div class=\"e-con-inner\">\n\t\t<div class=\"elementor-element elementor-element-1b2a587 e-con-full e-flex e-con e-child\" data-id=\"1b2a587\" data-element_type=\"container\" data-e-type=\"container\">\n\t\t\t\t<div class=\"elementor-element elementor-element-9675b2e elementor-widget elementor-widget-image\" data-id=\"9675b2e\" data-element_type=\"widget\" data-e-type=\"widget\" data-widget_type=\"image.default\">\n\t\t\t\t\t\t\t\t\t\t\t\t\t\t\t<img decoding=\"async\" src=\"https:\/\/www.gadis.es\/compartimoslasrecetas\/wp-content\/uploads\/2026\/02\/ultimas-recetas.svg\" class=\"attachment-full size-full wp-image-183\" alt=\"\">\t\t\t\t\t\t\t\t\t\t\t\t\t\t\t<\/div>\n\t\t\t\t<div class=\"elementor-element elementor-element-3a8dbaf elementor-widget elementor-widget-heading\" data-id=\"3a8dbaf\" data-element_type=\"widget\" data-e-type=\"widget\" data-widget_type=\"heading.default\">\n\t\t\t\t\t<h2 class=\"elementor-heading-title elementor-size-default\">\u00daltimas recetas<\/h2>\t\t\t\t<\/div>\n\t\t\t\t<div class=\"elementor-element elementor-element-5bcd357 elementor-widget elementor-widget-image\" data-id=\"5bcd357\" data-element_type=\"widget\" data-e-type=\"widget\" data-widget_type=\"image.default\">\n\t\t\t\t\t\t\t\t\t\t\t\t\t\t\t<img decoding=\"async\" src=\"https:\/\/www.gadis.es\/compartimoslasrecetas\/wp-content\/uploads\/2026\/02\/ultimas-recetas-2.svg\" class=\"attachment-full size-full wp-image-185\" alt=\"\">\t\t\t\t\t\t\t\t\t\t\t\t\t\t\t<\/div>\n\t\t\t\t<\/div>\n\t\t\t\t<div class=\"elementor-element elementor-element-b2736cf elementor-widget elementor-widget-shortcode\" data-id=\"b2736cf\" data-element_type=\"widget\" data-e-type=\"widget\" data-widget_type=\"shortcode.default\">\n\t\t\t\t\t\t\t<div class=\"elementor-shortcode\"><div class=\"ultimas-noticias\"><p class=\"no-recetas\">A\u00fan no hay recetas disponibles. <a href=\"https:\/\/www.gadis.es\/compartimoslasrecetas\/sube-tu-receta\/\">\u00a1Sube la tuya!<\/a><\/p><\/div><\/div>\n\t\t\t\t\t\t<\/div>\n\t\t\t\t<div class=\"elementor-element elementor-element-e4efce6 elementor-align-center ver-mas-home elementor-hidden-desktop elementor-hidden-tablet elementor-hidden-mobile elementor-widget elementor-widget-button\" data-id=\"e4efce6\" data-element_type=\"widget\" data-e-type=\"widget\" data-widget_type=\"button.default\">\n\t\t\t\t\t\t\t\t\t\t<a class=\"elementor-button elementor-button-link elementor-size-sm\" href=\"https:\/\/www.gadis.es\/compartimoslasrecetas\/explorar-recetas\/\">\n\t\t\t\t\t\t<span class=\"elementor-button-content-wrapper\">\n\t\t\t\t\t\t\t\t\t<span class=\"elementor-button-text\">- Ver m\u00e1s -<\/span>\n\t\t\t\t\t<\/span>\n\t\t\t\t\t<\/a>\n\t\t\t\t\t\t\t\t<\/div>\n\t\t\t\t\t<\/div>\n\t\t\t\t<\/div>\n\t\t<div class=\"elementor-element elementor-element-1dc43f7 e-flex e-con-boxed e-con e-parent\" data-id=\"1dc43f7\" data-element_type=\"container\" data-e-type=\"container\">\n\t\t\t\t\t<div class=\"e-con-inner\">\n\t\t\t\t<div class=\"elementor-element elementor-element-3e6ebae elementor-widget elementor-widget-html\" data-id=\"3e6ebae\" data-element_type=\"widget\" data-e-type=\"widget\" data-widget_type=\"html.default\">\n\t\t\t\t\t<script>\r\nconst textarea = document.querySelector(\"textarea[name='recipe_summary']\");\r\nconst inputTel = document.querySelector(\"input[name='recipe_custom_field_telefono']\");\r\nconst inputComensales = document.querySelector(\"input[name='recipe_servings']\");\r\nconst inputElaboracion = document.querySelector(\"input[name='recipe_prep_time']\");\r\nconst inputCoccion = document.querySelector(\"input[name='recipe_cook_time']\");\r\nconst inputFoto = document.querySelector(\"input[type='file']\");\r\nconst inputNumero = document.querySelector(\"input[name='recipe_servings']\");\r\n\r\ntextarea.setAttribute(\"minlength\", \"150\");\r\n\r\ninputTel.type = \"tel\";\r\ninputTel.addEventListener(\"input\", () => {\r\n  inputTel.value = inputTel.value.replace(\/[^0-9]\/g, \"\");\r\n});\r\n\r\ninputComensales.type = \"number\";\r\n\r\ninputElaboracion.addEventListener(\"input\", () => {\r\n  inputElaboracion.value = inputElaboracion.value.replace(\/[^0-9]\/g, \"\");\r\n});\r\n\r\ninputCoccion.addEventListener(\"input\", () => {\r\n  inputCoccion.value = inputCoccion.value.replace(\/[^0-9]\/g, \"\");\r\n});\r\n\r\ninputFoto.setAttribute(\"accept\", \"image\/jpeg, image\/png\");\r\n\r\ninputNumero.addEventListener(\"input\", function() {\r\n    if (this.value < 0) {\r\n      this.value = 0;\r\n    }\r\n});\r\n<\/script>\t\t\t\t<\/div>\n\t\t\t\t\t<\/div>\n\t\t\t\t<\/div>\n\t\t\t\t<\/div>\n\t\t","protected":false},"excerpt":{"rendered":"<p>Sube tu receta \u00daltimas recetas &#8211; Ver m\u00e1s &#8211;<\/p>\n","protected":false},"author":1,"featured_media":0,"parent":0,"menu_order":0,"comment_status":"closed","ping_status":"closed","template":"","meta":{"wprm-recipe-roundup-name":"","wprm-recipe-roundup-description":"","footnotes":""},"class_list":["post-331","page","type-page","status-publish","hentry"],"_links":{"self":[{"href":"https:\/\/www.gadis.es\/compartimoslasrecetas\/wp-json\/wp\/v2\/pages\/331","targetHints":{"allow":["GET"]}}],"collection":[{"href":"https:\/\/www.gadis.es\/compartimoslasrecetas\/wp-json\/wp\/v2\/pages"}],"about":[{"href":"https:\/\/www.gadis.es\/compartimoslasrecetas\/wp-json\/wp\/v2\/types\/page"}],"author":[{"embeddable":true,"href":"https:\/\/www.gadis.es\/compartimoslasrecetas\/wp-json\/wp\/v2\/users\/1"}],"replies":[{"embeddable":true,"href":"https:\/\/www.gadis.es\/compartimoslasrecetas\/wp-json\/wp\/v2\/comments?post=331"}],"version-history":[{"count":136,"href":"https:\/\/www.gadis.es\/compartimoslasrecetas\/wp-json\/wp\/v2\/pages\/331\/revisions"}],"predecessor-version":[{"id":3247,"href":"https:\/\/www.gadis.es\/compartimoslasrecetas\/wp-json\/wp\/v2\/pages\/331\/revisions\/3247"}],"wp:attachment":[{"href":"https:\/\/www.gadis.es\/compartimoslasrecetas\/wp-json\/wp\/v2\/media?parent=331"}],"curies":[{"name":"wp","href":"https:\/\/api.w.org\/{rel}","templated":true}]}}